{"id":552,"date":"2024-09-09T10:31:19","date_gmt":"2024-09-09T08:31:19","guid":{"rendered":"https:\/\/www.happycare-recruitment.at\/?page_id=552"},"modified":"2024-09-09T11:59:57","modified_gmt":"2024-09-09T09:59:57","slug":"legal-notice","status":"publish","type":"page","link":"https:\/\/www.happycare-recruitment.at\/?page_id=552&lang=en","title":{"rendered":"Legal notice"},"content":{"rendered":"\t\t<div data-elementor-type=\"wp-page\" data-elementor-id=\"552\" class=\"elementor elementor-552\" data-elementor-post-type=\"page\">\n\t\t\t\t<div class=\"elementor-element elementor-element-9093b02 e-flex e-con-boxed e-con e-parent\" data-id=\"9093b02\" data-element_type=\"container\" data-e-type=\"container\">\n\t\t\t\t\t<div class=\"e-con-inner\">\n\t\t\t\t<div class=\"elementor-element elementor-element-71953e2 elementor-widget elementor-widget-spacer\" data-id=\"71953e2\" data-element_type=\"widget\" data-e-type=\"widget\" data-widget_type=\"spacer.default\">\n\t\t\t\t<div class=\"elementor-widget-container\">\n\t\t\t\t\t\t\t<div class=\"elementor-spacer\">\n\t\t\t<div class=\"elementor-spacer-inner\"><\/div>\n\t\t<\/div>\n\t\t\t\t\t\t<\/div>\n\t\t\t\t<\/div>\n\t\t\t\t<div class=\"elementor-element elementor-element-d1ac31d elementor-widget elementor-widget-heading\" data-id=\"d1ac31d\" data-element_type=\"widget\" data-e-type=\"widget\" data-widget_type=\"heading.default\">\n\t\t\t\t<div class=\"elementor-widget-container\">\n\t\t\t\t\t<h2 class=\"elementor-heading-title elementor-size-default\">legal notice<\/h2>\t\t\t\t<\/div>\n\t\t\t\t<\/div>\n\t\t\t\t\t<\/div>\n\t\t\t\t<\/div>\n\t\t<div class=\"elementor-element elementor-element-8e6a368 e-flex e-con-boxed e-con e-parent\" data-id=\"8e6a368\" data-element_type=\"container\" data-e-type=\"container\">\n\t\t\t\t\t<div class=\"e-con-inner\">\n\t\t\t\t<div class=\"elementor-element elementor-element-90f3faa elementor-widget elementor-widget-shortcode\" data-id=\"90f3faa\" data-element_type=\"widget\" data-e-type=\"widget\" data-widget_type=\"shortcode.default\">\n\t\t\t\t<div class=\"elementor-widget-container\">\n\t\t\t\t\t\t\t<div class=\"elementor-shortcode\"><div id=\"dr-imprint-div\"><\/div><\/div>\n\t\t\t\t\t\t<\/div>\n\t\t\t\t<\/div>\n\t\t\t\t\t<\/div>\n\t\t\t\t<\/div>\n\t\t<div class=\"elementor-element elementor-element-b19b01d e-flex e-con-boxed e-con e-parent\" data-id=\"b19b01d\" data-element_type=\"container\" data-e-type=\"container\">\n\t\t\t\t\t<div class=\"e-con-inner\">\n\t\t\t\t<div class=\"elementor-element elementor-element-7e7b95c elementor-widget elementor-widget-spacer\" data-id=\"7e7b95c\" data-element_type=\"widget\" data-e-type=\"widget\" data-widget_type=\"spacer.default\">\n\t\t\t\t<div class=\"elementor-widget-container\">\n\t\t\t\t\t\t\t<div class=\"elementor-spacer\">\n\t\t\t<div class=\"elementor-spacer-inner\"><\/div>\n\t\t<\/div>\n\t\t\t\t\t\t<\/div>\n\t\t\t\t<\/div>\n\t\t\t\t\t<\/div>\n\t\t\t\t<\/div>\n\t\t<div class=\"elementor-element elementor-element-cf5fdf6 e-flex e-con-boxed e-con e-parent\" data-id=\"cf5fdf6\" data-element_type=\"container\" data-e-type=\"container\">\n\t\t\t\t\t<div class=\"e-con-inner\">\n\t\t\t\t<div class=\"elementor-element elementor-element-9e597ac elementor-widget elementor-widget-text-editor\" data-id=\"9e597ac\" data-element_type=\"widget\" data-e-type=\"widget\" data-widget_type=\"text-editor.default\">\n\t\t\t\t<div class=\"elementor-widget-container\">\n\t\t\t\t\t\t\t\t\t<p><span style=\"color: #ffffff;\"><a style=\"color: #ffffff;\" href=\"https:\/\/www.happycare-recruitment.at\/en\/contact-us\/\">Kontakt<\/a> <a style=\"color: #ffffff;\" href=\"https:\/\/www.happycare-recruitment.at\/en\/legal-notice\/\">Impressum<\/a> <a style=\"color: #ffffff;\" href=\"https:\/\/www.happycare-recruitment.at\/datenschutzerklaerung\/\">Datenschutzerkl\u00e4rung\u00a0<\/a><a style=\"color: #ffffff;\" href=\"https:\/\/de.wikipedia.org\/wiki\/Impressum\" target=\"_blank\" rel=\"noopener\">Impressum<\/a><\/span><\/p>\t\t\t\t\t\t\t\t<\/div>\n\t\t\t\t<\/div>\n\t\t\t\t<div class=\"elementor-element elementor-element-0394869 elementor-widget elementor-widget-image\" data-id=\"0394869\" data-element_type=\"widget\" data-e-type=\"widget\" data-widget_type=\"image.default\">\n\t\t\t\t<div class=\"elementor-widget-container\">\n\t\t\t\t\t\t\t\t\t\t\t\t\t\t\t<img fetchpriority=\"high\" decoding=\"async\" width=\"500\" height=\"281\" src=\"https:\/\/www.happycare-recruitment.at\/wp-content\/uploads\/2024\/06\/flagge.png\" class=\"attachment-large size-large wp-image-108\" alt=\"contact us, Pflegepersonal, Thailand, Pflegekr\u00e4fte, Vermittlung, Akademisch, ausgebildete, \u00d6sterreich, Personalvermittlung, Pflege, deutschsprachig, Integration, Rekrutierung, Ausland, Personal\u00fcberlassung, Recruiting, happy, care, Recruitment, Nursing staff, Nurses, caregivers, healthcare professionals, Placement, Academic, Trained, qualified, Austria, Personnel placement, staffing agency, Care, nursing, German-speaking, Abroad, Personnel Leasing, home, contact, Impressum, datenschutzerkl\u00e4rung, kontakt, privacy Policy\" srcset=\"https:\/\/www.happycare-recruitment.at\/wp-content\/uploads\/2024\/06\/flagge.png 500w, https:\/\/www.happycare-recruitment.at\/wp-content\/uploads\/2024\/06\/flagge-300x169.png 300w\" sizes=\"(max-width: 500px) 100vw, 500px\" \/>\t\t\t\t\t\t\t\t\t\t\t\t\t\t\t<\/div>\n\t\t\t\t<\/div>\n\t\t\t\t\t<\/div>\n\t\t\t\t<\/div>\n\t\t\t\t<\/div>\n\t\t","protected":false},"excerpt":{"rendered":"<p>legal notice Kontakt Impressum Datenschutzerkl\u00e4rung\u00a0Impressum<\/p>\n","protected":false},"author":1,"featured_media":0,"parent":0,"menu_order":130,"comment_status":"closed","ping_status":"closed","template":"","meta":{"footnotes":""},"class_list":["post-552","page","type-page","status-publish","hentry"],"_links":{"self":[{"href":"https:\/\/www.happycare-recruitment.at\/index.php?rest_route=\/wp\/v2\/pages\/552","targetHints":{"allow":["GET"]}}],"collection":[{"href":"https:\/\/www.happycare-recruitment.at\/index.php?rest_route=\/wp\/v2\/pages"}],"about":[{"href":"https:\/\/www.happycare-recruitment.at\/index.php?rest_route=\/wp\/v2\/types\/page"}],"author":[{"embeddable":true,"href":"https:\/\/www.happycare-recruitment.at\/index.php?rest_route=\/wp\/v2\/users\/1"}],"replies":[{"embeddable":true,"href":"https:\/\/www.happycare-recruitment.at\/index.php?rest_route=%2Fwp%2Fv2%2Fcomments&post=552"}],"version-history":[{"count":7,"href":"https:\/\/www.happycare-recruitment.at\/index.php?rest_route=\/wp\/v2\/pages\/552\/revisions"}],"predecessor-version":[{"id":698,"href":"https:\/\/www.happycare-recruitment.at\/index.php?rest_route=\/wp\/v2\/pages\/552\/revisions\/698"}],"wp:attachment":[{"href":"https:\/\/www.happycare-recruitment.at\/index.php?rest_route=%2Fwp%2Fv2%2Fmedia&parent=552"}],"curies":[{"name":"wp","href":"https:\/\/api.w.org\/{rel}","templated":true}]}}