{"id":3,"date":"2024-06-11T15:25:35","date_gmt":"2024-06-11T13:25:35","guid":{"rendered":"https:\/\/www.happycare-recruitment.at\/?page_id=3"},"modified":"2024-09-09T11:39:04","modified_gmt":"2024-09-09T09:39:04","slug":"datenschutzerklaerung","status":"publish","type":"page","link":"https:\/\/www.happycare-recruitment.at\/?page_id=3","title":{"rendered":"Datenschutzerkl\u00e4rung"},"content":{"rendered":"\t\t<div data-elementor-type=\"wp-page\" data-elementor-id=\"3\" class=\"elementor elementor-3\" data-elementor-post-type=\"page\">\n\t\t\t\t<div class=\"elementor-element elementor-element-7346bb8 e-flex e-con-boxed e-con e-parent\" data-id=\"7346bb8\" data-element_type=\"container\" data-e-type=\"container\">\n\t\t\t\t\t<div class=\"e-con-inner\">\n\t\t\t\t<div class=\"elementor-element elementor-element-14e311a elementor-widget elementor-widget-heading\" data-id=\"14e311a\" data-element_type=\"widget\" data-e-type=\"widget\" data-widget_type=\"heading.default\">\n\t\t\t\t<div class=\"elementor-widget-container\">\n\t\t\t\t\t<h2 class=\"elementor-heading-title elementor-size-default\">Datenschutzerkl\u00e4rung<\/h2>\t\t\t\t<\/div>\n\t\t\t\t<\/div>\n\t\t\t\t\t<\/div>\n\t\t\t\t<\/div>\n\t\t<div class=\"elementor-element elementor-element-748c14b e-flex e-con-boxed e-con e-parent\" data-id=\"748c14b\" data-element_type=\"container\" data-e-type=\"container\">\n\t\t\t\t\t<div class=\"e-con-inner\">\n\t\t\t\t<div class=\"elementor-element elementor-element-7e70f85 elementor-widget elementor-widget-spacer\" data-id=\"7e70f85\" data-element_type=\"widget\" data-e-type=\"widget\" data-widget_type=\"spacer.default\">\n\t\t\t\t<div class=\"elementor-widget-container\">\n\t\t\t\t\t\t\t<div class=\"elementor-spacer\">\n\t\t\t<div class=\"elementor-spacer-inner\"><\/div>\n\t\t<\/div>\n\t\t\t\t\t\t<\/div>\n\t\t\t\t<\/div>\n\t\t\t\t\t<\/div>\n\t\t\t\t<\/div>\n\t\t<div class=\"elementor-element elementor-element-15ccda8c e-flex e-con-boxed e-con e-parent\" data-id=\"15ccda8c\" data-element_type=\"container\" data-e-type=\"container\">\n\t\t\t\t\t<div class=\"e-con-inner\">\n\t\t\t\t<div class=\"elementor-element elementor-element-719aec9 elementor-widget elementor-widget-shortcode\" data-id=\"719aec9\" data-element_type=\"widget\" data-e-type=\"widget\" data-widget_type=\"shortcode.default\">\n\t\t\t\t<div class=\"elementor-widget-container\">\n\t\t\t\t\t\t\t<div class=\"elementor-shortcode\"><div id=\"dr-privacynotice-div\"><\/div><\/div>\n\t\t\t\t\t\t<\/div>\n\t\t\t\t<\/div>\n\t\t\t\t\t<\/div>\n\t\t\t\t<\/div>\n\t\t<div class=\"elementor-element elementor-element-2da8aae e-flex e-con-boxed e-con e-parent\" data-id=\"2da8aae\" data-element_type=\"container\" data-e-type=\"container\">\n\t\t\t\t\t<div class=\"e-con-inner\">\n\t\t\t\t<div class=\"elementor-element elementor-element-0fd5269 elementor-widget elementor-widget-spacer\" data-id=\"0fd5269\" data-element_type=\"widget\" data-e-type=\"widget\" data-widget_type=\"spacer.default\">\n\t\t\t\t<div class=\"elementor-widget-container\">\n\t\t\t\t\t\t\t<div class=\"elementor-spacer\">\n\t\t\t<div class=\"elementor-spacer-inner\"><\/div>\n\t\t<\/div>\n\t\t\t\t\t\t<\/div>\n\t\t\t\t<\/div>\n\t\t\t\t\t<\/div>\n\t\t\t\t<\/div>\n\t\t<div class=\"elementor-element elementor-element-9136aa5 e-flex e-con-boxed e-con e-parent\" data-id=\"9136aa5\" data-element_type=\"container\" data-e-type=\"container\">\n\t\t\t\t\t<div class=\"e-con-inner\">\n\t\t\t\t<div class=\"elementor-element elementor-element-e0e0ac0 elementor-widget elementor-widget-text-editor\" data-id=\"e0e0ac0\" data-element_type=\"widget\" data-e-type=\"widget\" data-widget_type=\"text-editor.default\">\n\t\t\t\t<div class=\"elementor-widget-container\">\n\t\t\t\t\t\t\t\t\t<p><span style=\"color: #ffffff;\"><a style=\"color: #ffffff;\" href=\"https:\/\/www.happycare-recruitment.at\/kontakt\/\">Kontakt<\/a> <a style=\"color: #ffffff;\" href=\"https:\/\/www.happycare-recruitment.at\/impressum\/\">Impressum<\/a> <a style=\"color: #ffffff;\" href=\"https:\/\/www.happycare-recruitment.at\/datenschutzerklaerung\/\">Datenschutzerkl\u00e4rung\u00a0<\/a><a style=\"color: #ffffff;\" href=\"https:\/\/de.wikipedia.org\/wiki\/Impressum\" target=\"_blank\" rel=\"noopener\">Impressum<\/a><\/span><\/p>\t\t\t\t\t\t\t\t<\/div>\n\t\t\t\t<\/div>\n\t\t\t\t<div class=\"elementor-element elementor-element-052bc77 elementor-widget elementor-widget-image\" data-id=\"052bc77\" data-element_type=\"widget\" data-e-type=\"widget\" data-widget_type=\"image.default\">\n\t\t\t\t<div class=\"elementor-widget-container\">\n\t\t\t\t\t\t\t\t\t\t\t\t\t\t\t<img fetchpriority=\"high\" decoding=\"async\" width=\"500\" height=\"281\" src=\"https:\/\/www.happycare-recruitment.at\/wp-content\/uploads\/2024\/06\/flagge.png\" class=\"attachment-large size-large wp-image-108\" alt=\"contact us, Pflegepersonal, Thailand, Pflegekr\u00e4fte, Vermittlung, Akademisch, ausgebildete, \u00d6sterreich, Personalvermittlung, Pflege, deutschsprachig, Integration, Rekrutierung, Ausland, Personal\u00fcberlassung, Recruiting, happy, care, Recruitment, Nursing staff, Nurses, caregivers, healthcare professionals, Placement, Academic, Trained, qualified, Austria, Personnel placement, staffing agency, Care, nursing, German-speaking, Abroad, Personnel Leasing, home, contact, Impressum, datenschutzerkl\u00e4rung, kontakt, privacy Policy\" srcset=\"https:\/\/www.happycare-recruitment.at\/wp-content\/uploads\/2024\/06\/flagge.png 500w, https:\/\/www.happycare-recruitment.at\/wp-content\/uploads\/2024\/06\/flagge-300x169.png 300w\" sizes=\"(max-width: 500px) 100vw, 500px\" \/>\t\t\t\t\t\t\t\t\t\t\t\t\t\t\t<\/div>\n\t\t\t\t<\/div>\n\t\t\t\t\t<\/div>\n\t\t\t\t<\/div>\n\t\t\t\t<\/div>\n\t\t","protected":false},"excerpt":{"rendered":"<p>Datenschutzerkl\u00e4rung Kontakt Impressum Datenschutzerkl\u00e4rung\u00a0Impressum<\/p>\n","protected":false},"author":1,"featured_media":0,"parent":0,"menu_order":40,"comment_status":"closed","ping_status":"closed","template":"","meta":{"footnotes":""},"class_list":["post-3","page","type-page","status-publish","hentry"],"_links":{"self":[{"href":"https:\/\/www.happycare-recruitment.at\/index.php?rest_route=\/wp\/v2\/pages\/3","targetHints":{"allow":["GET"]}}],"collection":[{"href":"https:\/\/www.happycare-recruitment.at\/index.php?rest_route=\/wp\/v2\/pages"}],"about":[{"href":"https:\/\/www.happycare-recruitment.at\/index.php?rest_route=\/wp\/v2\/types\/page"}],"author":[{"embeddable":true,"href":"https:\/\/www.happycare-recruitment.at\/index.php?rest_route=\/wp\/v2\/users\/1"}],"replies":[{"embeddable":true,"href":"https:\/\/www.happycare-recruitment.at\/index.php?rest_route=%2Fwp%2Fv2%2Fcomments&post=3"}],"version-history":[{"count":20,"href":"https:\/\/www.happycare-recruitment.at\/index.php?rest_route=\/wp\/v2\/pages\/3\/revisions"}],"predecessor-version":[{"id":692,"href":"https:\/\/www.happycare-recruitment.at\/index.php?rest_route=\/wp\/v2\/pages\/3\/revisions\/692"}],"wp:attachment":[{"href":"https:\/\/www.happycare-recruitment.at\/index.php?rest_route=%2Fwp%2Fv2%2Fmedia&parent=3"}],"curies":[{"name":"wp","href":"https:\/\/api.w.org\/{rel}","templated":true}]}}